{"id":17,"date":"2025-08-09T10:35:08","date_gmt":"2025-08-09T10:35:08","guid":{"rendered":"https:\/\/plougsbaek.dk\/?page_id=17"},"modified":"2026-03-19T14:45:40","modified_gmt":"2026-03-19T14:45:40","slug":"priser","status":"publish","type":"page","link":"https:\/\/plougsbaek.dk\/index.php\/priser\/","title":{"rendered":"Priser og booking"},"content":{"rendered":"\n<p>Jeg tilbyder gratis afklarende telefonsamtale, inden du booker en tid.<br>Her finder vi ud af hvorvidt vi er et match og aftaler vi, hvordan det passer med hensyn til at m\u00f8des og afklaret eventuelle sp\u00f8rgsm\u00e5l, du m\u00e5tte have. Samtaler kan foreg\u00e5 enten online. fysisk p\u00e5 Nordfyn eller p\u00e5 din arbejdsplads.<\/p>\n\n\n\n<p class=\"has-text-align-center\"><em>&#8220;Selv en rejse p\u00e5 tusind mil begynder med et enkelt lille skridt&#8221; <\/em><br><em>citat kinesisk filosof Lao Tzu<\/em><\/p>\n\n\n\n<h2 class=\"wp-block-heading\"><strong>Introduktionssamtale<\/strong><\/h2>\n\n\n\n<p>Jeg starter alle forl\u00f8b op med en introduktionssamtale, hvor vi afklarer problemstillingen. Introduktionssamtalens varighed er 90 min, hvor vi sammen f\u00e5r aftalt det videre forl\u00f8b.<\/p>\n\n\n\n<h2 class=\"wp-block-heading\"><strong>Priser<\/strong><\/h2>\n\n\n\n<div class=\"wp-block-columns is-layout-flex wp-container-core-columns-is-layout-9d6595d7 wp-block-columns-is-layout-flex\">\n<div class=\"wp-block-column is-layout-flow wp-block-column-is-layout-flow\" style=\"flex-basis:100%\">\n<ul class=\"wp-block-list\">\n<li>Introduktionssamtale 1\u00bd time koster 1.300 kr.<\/li>\n\n\n\n<li>Supervision pr. time koster 1.000 kr.<\/li>\n\n\n\n<li>Terapisessioner pr time koster 1.000 kr.<\/li>\n\n\n\n<li>Ledercoaching pr. time koster 1.200 kr.<\/li>\n\n\n\n<li>Lederudviklingsforl\u00f8b koster 15.000 kr.<\/li>\n\n\n\n<li>Virksomhedsklippekort <br>koster \u00e1 10 timer koster 9.000 kr.<\/li>\n\n\n\n<li>Mental beredskab Light <br>\u00e5rsabonnement kr. 36.000 eller <br>m\u00e5nedlig ydelse kr. 3.500, dog bundet for de 6 f\u00f8rste m\u00e5neder.<\/li>\n\n\n\n<li>Gruppeudviklingsforl\u00f8b hos virksomheder. <br>Kontakt mig for pris, da denne kan afh\u00e6nge af type af indsats, omfang, geografi og tidspunkter.<\/li>\n<\/ul>\n\n\n\n<h2 class=\"wp-block-heading\"><strong>Betaling<\/strong><\/h2>\n\n\n\n<p>V\u00e6r opm\u00e6rksom p\u00e5, hvorvidt virksomheden kan have en sundhedsforsikring eller andet gennem dit arbejde, som helt eller delvist d\u00e6kker dine udgifter til psykoterapeutsamtaler.<\/p>\n\n\n\n<p>Betalingen sker kontant eller via faktura og kontooverf\u00f8rsel.<\/p>\n\n\n\n<h2 class=\"wp-block-heading\"><strong>Afbud<\/strong><\/h2>\n\n\n\n<p>Afbud eller \u00e6ndring af en tid bedes foretages hurtigst muligt og senest kl. 16 dagen f\u00f8r din aftale. Ved udeblivelse uden afbud eller for sent afbud betales det fulde honorar.<\/p>\n<\/div>\n<\/div>\n","protected":false},"excerpt":{"rendered":"<p>Jeg tilbyder gratis afklarende telefonsamtale, inden du booker en tid.Her finder vi ud af hvorvidt vi er et match og aftaler vi, hvordan det passer med hensyn til at m\u00f8des og afklaret eventuelle sp\u00f8rgsm\u00e5l, du m\u00e5tte have. Samtaler kan foreg\u00e5 enten online. fysisk p\u00e5 Nordfyn eller p\u00e5 din arbejdsplads. &#8220;Selv en rejse p\u00e5 tusind mil &hellip; <\/p>\n<p class=\"link-more\"><a href=\"https:\/\/plougsbaek.dk\/index.php\/priser\/\" class=\"more-link\">L\u00e6s videre<span class=\"screen-reader-text\"> &#8220;Priser og booking&#8221;<\/span><\/a><\/p>\n","protected":false},"author":1,"featured_media":0,"parent":0,"menu_order":0,"comment_status":"closed","ping_status":"closed","template":"","meta":{"footnotes":""},"class_list":["post-17","page","type-page","status-publish","hentry"],"_links":{"self":[{"href":"https:\/\/plougsbaek.dk\/index.php\/wp-json\/wp\/v2\/pages\/17","targetHints":{"allow":["GET"]}}],"collection":[{"href":"https:\/\/plougsbaek.dk\/index.php\/wp-json\/wp\/v2\/pages"}],"about":[{"href":"https:\/\/plougsbaek.dk\/index.php\/wp-json\/wp\/v2\/types\/page"}],"author":[{"embeddable":true,"href":"https:\/\/plougsbaek.dk\/index.php\/wp-json\/wp\/v2\/users\/1"}],"replies":[{"embeddable":true,"href":"https:\/\/plougsbaek.dk\/index.php\/wp-json\/wp\/v2\/comments?post=17"}],"version-history":[{"count":30,"href":"https:\/\/plougsbaek.dk\/index.php\/wp-json\/wp\/v2\/pages\/17\/revisions"}],"predecessor-version":[{"id":233,"href":"https:\/\/plougsbaek.dk\/index.php\/wp-json\/wp\/v2\/pages\/17\/revisions\/233"}],"wp:attachment":[{"href":"https:\/\/plougsbaek.dk\/index.php\/wp-json\/wp\/v2\/media?parent=17"}],"curies":[{"name":"wp","href":"https:\/\/api.w.org\/{rel}","templated":true}]}}