{"id":23,"date":"2025-08-09T10:59:33","date_gmt":"2025-08-09T10:59:33","guid":{"rendered":"https:\/\/plougsbaek.dk\/?page_id=23"},"modified":"2026-03-19T14:48:18","modified_gmt":"2026-03-19T14:48:18","slug":"kontakt","status":"publish","type":"page","link":"https:\/\/plougsbaek.dk\/index.php\/kontakt\/","title":{"rendered":"Kontakt"},"content":{"rendered":"\n<p>Du er velkommen til at kontakte mig benyt nedenst\u00e5ende kontaktformularen eller alternativt send en sms eller mail, hvis du gerne vil booke en afklaringsaftale.<br>S\u00e5 svarer jeg via sms eller mail, s\u00e5 kan vi aftale hvorn\u00e5r og hvor det passer os begge at tale sammen.<\/p>\n\n\n\n<h1 class=\"wp-block-heading\"><strong>Plougsb\u00e6k<\/strong><\/h1>\n\n\n\n<p>Erhvervscoach og psykoterapeut MPF <br>Annette Vestergaard Plougsb\u00e6k<br>Bredgade 74, 5485 Skamby<br><a href=\"tel:20447166\">(+45) 24908944<\/a><br><a href=\"mailto:Gitteed64@hotmail.com\">annette@plougsbaek.dk<\/a><\/p>\n\n\n\n<p>CVR nr.: <a href=\"https:\/\/www.proff.dk\/firma\/psykoterapeut-vannette-plougsb%C3%A6k\/skamby\/sundhedsv%C3%A6sen\/0QTH12I06Y3\">45045110<\/a><\/p>\n\n\n\n<p><em>&#8220;Menneskelige relationer er afg\u00f8rende for trivsel og jeg vil gerne bidrage til din trivsel \u00f8ges- <em> s\u00e6rlig i digitale transformationstider<\/em>&#8220;<\/em><\/p>\n\n\n\n<div class=\"wp-block-contact-form-7-contact-form-selector\">\n<div class=\"wpcf7 no-js\" id=\"wpcf7-f94-o1\" lang=\"da-DK\" dir=\"ltr\" data-wpcf7-id=\"94\">\n<div class=\"screen-reader-response\"><p role=\"status\" aria-live=\"polite\" aria-atomic=\"true\"><\/p> <ul><\/ul><\/div>\n<form action=\"\/index.php\/wp-json\/wp\/v2\/pages\/23#wpcf7-f94-o1\" method=\"post\" class=\"wpcf7-form init\" aria-label=\"Kontaktformular\" novalidate=\"novalidate\" data-status=\"init\">\n<fieldset class=\"hidden-fields-container\"><input type=\"hidden\" name=\"_wpcf7\" value=\"94\" \/><input type=\"hidden\" name=\"_wpcf7_version\" value=\"6.1.5\" \/><input type=\"hidden\" name=\"_wpcf7_locale\" value=\"da_DK\" \/><input type=\"hidden\" name=\"_wpcf7_unit_tag\" value=\"wpcf7-f94-o1\" \/><input type=\"hidden\" name=\"_wpcf7_container_post\" value=\"0\" \/><input type=\"hidden\" name=\"_wpcf7_posted_data_hash\" value=\"\" \/>\n<\/fieldset>\n<p><label> Dit navn<br \/>\n<span class=\"wpcf7-form-control-wrap\" data-name=\"your-name\"><input size=\"40\" maxlength=\"400\" class=\"wpcf7-form-control wpcf7-text wpcf7-validates-as-required\" autocomplete=\"name\" aria-required=\"true\" aria-invalid=\"false\" value=\"\" type=\"text\" name=\"your-name\" \/><\/span> <\/label>\n<\/p>\n<p><label> Din e-mail<br \/>\n<span class=\"wpcf7-form-control-wrap\" data-name=\"your-email\"><input size=\"40\" maxlength=\"400\" class=\"wpcf7-form-control wpcf7-email wpcf7-validates-as-required wpcf7-text wpcf7-validates-as-email\" autocomplete=\"email\" aria-required=\"true\" aria-invalid=\"false\" value=\"\" type=\"email\" name=\"your-email\" \/><\/span> <\/label>\n<\/p>\n<p><label> Mobil\/telefon<br \/>\n<span class=\"wpcf7-form-control-wrap\" data-name=\"tel-858\"><input size=\"40\" maxlength=\"400\" class=\"wpcf7-form-control wpcf7-tel wpcf7-text wpcf7-validates-as-tel\" aria-invalid=\"false\" value=\"\" type=\"tel\" name=\"tel-858\" \/><\/span> <\/label>\n<\/p>\n<p><label> Emne<br \/>\n<span class=\"wpcf7-form-control-wrap\" data-name=\"your-subject\"><input size=\"40\" maxlength=\"400\" class=\"wpcf7-form-control wpcf7-text wpcf7-validates-as-required\" aria-required=\"true\" aria-invalid=\"false\" value=\"\" type=\"text\" name=\"your-subject\" \/><\/span> <\/label>\n<\/p>\n<p><label> Din besked (valgfri)<br \/>\n<span class=\"wpcf7-form-control-wrap\" data-name=\"your-message\"><textarea cols=\"40\" rows=\"10\" maxlength=\"2000\" class=\"wpcf7-form-control wpcf7-textarea\" aria-invalid=\"false\" name=\"your-message\"><\/textarea><\/span> <\/label>\n<\/p>\n<p><input class=\"wpcf7-form-control wpcf7-submit has-spinner\" type=\"submit\" value=\"Send\" \/>\n<\/p><p style=\"display: none !important;\" class=\"akismet-fields-container\" data-prefix=\"_wpcf7_ak_\"><label>&#916;<textarea name=\"_wpcf7_ak_hp_textarea\" cols=\"45\" rows=\"8\" maxlength=\"100\"><\/textarea><\/label><input type=\"hidden\" id=\"ak_js_1\" name=\"_wpcf7_ak_js\" value=\"68\"\/><script>document.getElementById( \"ak_js_1\" ).setAttribute( \"value\", ( new Date() ).getTime() );<\/script><\/p><div class=\"wpcf7-response-output\" aria-hidden=\"true\"><\/div>\n<\/form>\n<\/div>\n<\/div>\n\n\n\n<p><\/p>\n","protected":false},"excerpt":{"rendered":"<p>Du er velkommen til at kontakte mig benyt nedenst\u00e5ende kontaktformularen eller alternativt send en sms eller mail, hvis du gerne vil booke en afklaringsaftale.S\u00e5 svarer jeg via sms eller mail, s\u00e5 kan vi aftale hvorn\u00e5r og hvor det passer os begge at tale sammen. Plougsb\u00e6k Erhvervscoach og psykoterapeut MPF Annette Vestergaard Plougsb\u00e6kBredgade 74, 5485 Skamby(+45) &hellip; <\/p>\n<p class=\"link-more\"><a href=\"https:\/\/plougsbaek.dk\/index.php\/kontakt\/\" class=\"more-link\">L\u00e6s videre<span class=\"screen-reader-text\"> &#8220;Kontakt&#8221;<\/span><\/a><\/p>\n","protected":false},"author":1,"featured_media":0,"parent":0,"menu_order":0,"comment_status":"closed","ping_status":"closed","template":"","meta":{"footnotes":""},"class_list":["post-23","page","type-page","status-publish","hentry"],"_links":{"self":[{"href":"https:\/\/plougsbaek.dk\/index.php\/wp-json\/wp\/v2\/pages\/23","targetHints":{"allow":["GET"]}}],"collection":[{"href":"https:\/\/plougsbaek.dk\/index.php\/wp-json\/wp\/v2\/pages"}],"about":[{"href":"https:\/\/plougsbaek.dk\/index.php\/wp-json\/wp\/v2\/types\/page"}],"author":[{"embeddable":true,"href":"https:\/\/plougsbaek.dk\/index.php\/wp-json\/wp\/v2\/users\/1"}],"replies":[{"embeddable":true,"href":"https:\/\/plougsbaek.dk\/index.php\/wp-json\/wp\/v2\/comments?post=23"}],"version-history":[{"count":20,"href":"https:\/\/plougsbaek.dk\/index.php\/wp-json\/wp\/v2\/pages\/23\/revisions"}],"predecessor-version":[{"id":235,"href":"https:\/\/plougsbaek.dk\/index.php\/wp-json\/wp\/v2\/pages\/23\/revisions\/235"}],"wp:attachment":[{"href":"https:\/\/plougsbaek.dk\/index.php\/wp-json\/wp\/v2\/media?parent=23"}],"curies":[{"name":"wp","href":"https:\/\/api.w.org\/{rel}","templated":true}]}}